{"id":661,"date":"2025-02-19T09:43:52","date_gmt":"2025-02-19T09:43:52","guid":{"rendered":"https:\/\/newnorth.wpthemestudios.com\/north-lookbook\/?page_id=661"},"modified":"2025-02-19T09:43:52","modified_gmt":"2025-02-19T09:43:52","slug":"blog","status":"publish","type":"page","link":"https:\/\/dogcouture.99it.pl\/index.php\/blog\/","title":{"rendered":"Blog"},"content":{"rendered":"<div class=\"wpb-content-wrapper\">[vc_row][vc_column][vc_column_text css=&#8221;.vc_custom_1740209438990{padding-top: 12vh !important;padding-bottom: 12vh !important;}&#8221;]\n<h1 class=\"thb-shop-title\" style=\"text-align: center;\">Blog<\/h1>\n[\/vc_column_text][\/vc_column][\/vc_row][vc_row][vc_column]\t<div class=\"row posts-shortcode align-stretch posts-pagination-style2\" data-loadmore=\"#loadmore-570\" data-security=\"c8a604604e\">\r\n\t\t<div class=\"small-12 medium-6 large-4 columns\">\r\n\t<article itemscope itemtype=\"http:\/\/schema.org\/Article\" class=\"post style1 post-1 type-post status-publish format-standard hentry category-bez-kategorii\">\r\n\t\t\t\t<aside class=\"post-meta\">\r\n\t<time class=\"time\" datetime=\"2025-04-17T20:58:37+02:00\"><a href=\"https:\/\/dogcouture.99it.pl\/index.php\/2025\/04\/17\/witaj-swiecie\/\" title=\"Witaj, \u015bwiecie!\">2025-04-17<\/a><\/time> - <a href=\"https:\/\/dogcouture.99it.pl\/index.php\/category\/bez-kategorii\/\" rel=\"category tag\">Bez kategorii<\/a><\/aside>\r\n\t\t<header class=\"post-title entry-header\">\r\n\t\t\t<h3 class=\"entry-title\" itemprop=\"name headline\"><a href=\"https:\/\/dogcouture.99it.pl\/index.php\/2025\/04\/17\/witaj-swiecie\/\" title=\"Witaj, \u015bwiecie!\">Witaj, \u015bwiecie!<\/a><\/h3>\t\t<\/header>\r\n\t\t\t\t\t<div class=\"post-content\">\r\n\t\t\t\t<p>Witamy w WordPressie. To jest tw\u00f3j pierwszy wpis. Edytuj go lub usu\u0144, a nast\u0119pnie zacznij pisa\u0107!<\/p>\n\t\t\t<\/div>\r\n\t\t\t\t\t<\/article>\r\n<\/div>\r\n<div class=\"small-12 medium-6 large-4 columns\">\r\n\t<article itemscope itemtype=\"http:\/\/schema.org\/Article\" class=\"post style1 post-311 type-post status-publish format-standard has-post-thumbnail hentry category-environment category-science category-space category-weird-science tag-bright-colours tag-google tag-new-identity tag-no-more-serif\">\r\n\t\t\t\t<figure class=\"post-gallery\">\r\n\t\t\t<a href=\"https:\/\/dogcouture.99it.pl\/index.php\/2025\/02\/04\/pradas-classic-nylon-bags-are-going-to-stage-a-comeback\/\" rel=\"bookmark\" title=\"Prada\u2019s Classic Nylon Bags Are Going to Stage a Comeback\">\r\n\t\t\t\t<img loading=\"lazy\" decoding=\"async\" width=\"860\" height=\"529\" src=\"https:\/\/dogcouture.99it.pl\/wp-content\/uploads\/2025\/02\/n15-860x5292-1.jpg\" class=\"attachment-north-blog-grid-2x size-north-blog-grid-2x wp-post-image\" alt=\"\" srcset=\"https:\/\/dogcouture.99it.pl\/wp-content\/uploads\/2025\/02\/n15-860x5292-1.jpg 860w, https:\/\/dogcouture.99it.pl\/wp-content\/uploads\/2025\/02\/n15-860x5292-1-600x369.jpg 600w, https:\/\/dogcouture.99it.pl\/wp-content\/uploads\/2025\/02\/n15-860x5292-1-300x185.jpg 300w, https:\/\/dogcouture.99it.pl\/wp-content\/uploads\/2025\/02\/n15-860x5292-1-768x472.jpg 768w, https:\/\/dogcouture.99it.pl\/wp-content\/uploads\/2025\/02\/n15-860x5292-1-430x265.jpg 430w\" sizes=\"auto, (max-width: 860px) 100vw, 860px\" \/>\t\t\t<\/a>\r\n\t\t<\/figure>\r\n\t\t\t\t<aside class=\"post-meta\">\r\n\t<time class=\"time\" datetime=\"2025-02-04T11:38:13+01:00\"><a href=\"https:\/\/dogcouture.99it.pl\/index.php\/2025\/02\/04\/pradas-classic-nylon-bags-are-going-to-stage-a-comeback\/\" title=\"Prada\u2019s Classic Nylon Bags Are Going to Stage a Comeback\">2025-02-04<\/a><\/time> - <a href=\"https:\/\/dogcouture.99it.pl\/index.php\/category\/science\/environment\/\" rel=\"category tag\">Environment<\/a>, <a href=\"https:\/\/dogcouture.99it.pl\/index.php\/category\/science\/\" rel=\"category tag\">Science<\/a>, <a href=\"https:\/\/dogcouture.99it.pl\/index.php\/category\/science\/space\/\" rel=\"category tag\">Space<\/a>, <a href=\"https:\/\/dogcouture.99it.pl\/index.php\/category\/science\/weird-science\/\" rel=\"category tag\">Weird Science<\/a><\/aside>\r\n\t\t<header class=\"post-title entry-header\">\r\n\t\t\t<h3 class=\"entry-title\" itemprop=\"name headline\"><a href=\"https:\/\/dogcouture.99it.pl\/index.php\/2025\/02\/04\/pradas-classic-nylon-bags-are-going-to-stage-a-comeback\/\" title=\"Prada\u2019s Classic Nylon Bags Are Going to Stage a Comeback\">Prada\u2019s Classic Nylon Bags Are Going to Stage a Comeback<\/a><\/h3>\t\t<\/header>\r\n\t\t\t\t\t<div class=\"post-content\">\r\n\t\t\t\t<p>Google has just launched a new visual identity and redesign of its multicoloured logo. At the time of writing the new logo is shown on&hellip;<\/p>\n\t\t\t<\/div>\r\n\t\t\t\t\t<\/article>\r\n<\/div>\r\n<div class=\"small-12 medium-6 large-4 columns\">\r\n\t<article itemscope itemtype=\"http:\/\/schema.org\/Article\" class=\"post style1 post-247 type-post status-publish format-standard has-post-thumbnail hentry category-science category-space tag-41 tag-astronaut tag-space\">\r\n\t\t\t\t<figure class=\"post-gallery\">\r\n\t\t\t<a href=\"https:\/\/dogcouture.99it.pl\/index.php\/2025\/02\/03\/bella-hadids-stylist-elizabeth-sulcer-is-as-cool-as-youd-expect\/\" rel=\"bookmark\" title=\"Bella Hadid\u2019s Stylist, Elizabeth Sulcer, Is as Cool as You\u2019d Expect\">\r\n\t\t\t\t<img loading=\"lazy\" decoding=\"async\" width=\"860\" height=\"529\" src=\"https:\/\/dogcouture.99it.pl\/wp-content\/uploads\/2025\/02\/n14-860x529-1.jpg\" class=\"attachment-north-blog-grid-2x size-north-blog-grid-2x wp-post-image\" alt=\"\" srcset=\"https:\/\/dogcouture.99it.pl\/wp-content\/uploads\/2025\/02\/n14-860x529-1.jpg 860w, https:\/\/dogcouture.99it.pl\/wp-content\/uploads\/2025\/02\/n14-860x529-1-600x369.jpg 600w, https:\/\/dogcouture.99it.pl\/wp-content\/uploads\/2025\/02\/n14-860x529-1-300x185.jpg 300w, https:\/\/dogcouture.99it.pl\/wp-content\/uploads\/2025\/02\/n14-860x529-1-768x472.jpg 768w, https:\/\/dogcouture.99it.pl\/wp-content\/uploads\/2025\/02\/n14-860x529-1-430x265.jpg 430w\" sizes=\"auto, (max-width: 860px) 100vw, 860px\" \/>\t\t\t<\/a>\r\n\t\t<\/figure>\r\n\t\t\t\t<aside class=\"post-meta\">\r\n\t<time class=\"time\" datetime=\"2025-02-03T12:08:50+01:00\"><a href=\"https:\/\/dogcouture.99it.pl\/index.php\/2025\/02\/03\/bella-hadids-stylist-elizabeth-sulcer-is-as-cool-as-youd-expect\/\" title=\"Bella Hadid\u2019s Stylist, Elizabeth Sulcer, Is as Cool as You\u2019d Expect\">2025-02-03<\/a><\/time> - <a href=\"https:\/\/dogcouture.99it.pl\/index.php\/category\/science\/\" rel=\"category tag\">Science<\/a>, <a href=\"https:\/\/dogcouture.99it.pl\/index.php\/category\/science\/space\/\" rel=\"category tag\">Space<\/a><\/aside>\r\n\t\t<header class=\"post-title entry-header\">\r\n\t\t\t<h3 class=\"entry-title\" itemprop=\"name headline\"><a href=\"https:\/\/dogcouture.99it.pl\/index.php\/2025\/02\/03\/bella-hadids-stylist-elizabeth-sulcer-is-as-cool-as-youd-expect\/\" title=\"Bella Hadid\u2019s Stylist, Elizabeth Sulcer, Is as Cool as You\u2019d Expect\">Bella Hadid\u2019s Stylist, Elizabeth Sulcer, Is as Cool as You\u2019d Expect<\/a><\/h3>\t\t<\/header>\r\n\t\t\t\t\t<div class=\"post-content\">\r\n\t\t\t\t<p>Copenhagen Suborbitals currently consists of 50 people &#8212; engineers, mathematicians and a kindergarten teacher &#8212; who are trying to send a person to space using&hellip;<\/p>\n\t\t\t<\/div>\r\n\t\t\t\t\t<\/article>\r\n<\/div>\r\n<div class=\"small-12 medium-6 large-4 columns\">\r\n\t<article itemscope itemtype=\"http:\/\/schema.org\/Article\" class=\"post style1 post-317 type-post status-publish format-standard has-post-thumbnail hentry category-microsoft category-technology tag-boeing-747 tag-burning-man tag-hacked\">\r\n\t\t\t\t<figure class=\"post-gallery\">\r\n\t\t\t<a href=\"https:\/\/dogcouture.99it.pl\/index.php\/2025\/02\/02\/outsmart-todays-downpour-with-these-14-rainy-day-proof-outfits\/\" rel=\"bookmark\" title=\"Outsmart Today\u2019s Downpour With These 14 Rainy Day\u2013Proof Outfits\">\r\n\t\t\t\t<img loading=\"lazy\" decoding=\"async\" width=\"860\" height=\"529\" src=\"https:\/\/dogcouture.99it.pl\/wp-content\/uploads\/2025\/02\/n13-860x5292-1.jpg\" class=\"attachment-north-blog-grid-2x size-north-blog-grid-2x wp-post-image\" alt=\"\" srcset=\"https:\/\/dogcouture.99it.pl\/wp-content\/uploads\/2025\/02\/n13-860x5292-1.jpg 860w, https:\/\/dogcouture.99it.pl\/wp-content\/uploads\/2025\/02\/n13-860x5292-1-600x369.jpg 600w, https:\/\/dogcouture.99it.pl\/wp-content\/uploads\/2025\/02\/n13-860x5292-1-300x185.jpg 300w, https:\/\/dogcouture.99it.pl\/wp-content\/uploads\/2025\/02\/n13-860x5292-1-768x472.jpg 768w, https:\/\/dogcouture.99it.pl\/wp-content\/uploads\/2025\/02\/n13-860x5292-1-430x265.jpg 430w\" sizes=\"auto, (max-width: 860px) 100vw, 860px\" \/>\t\t\t<\/a>\r\n\t\t<\/figure>\r\n\t\t\t\t<aside class=\"post-meta\">\r\n\t<time class=\"time\" datetime=\"2025-02-02T13:16:32+01:00\"><a href=\"https:\/\/dogcouture.99it.pl\/index.php\/2025\/02\/02\/outsmart-todays-downpour-with-these-14-rainy-day-proof-outfits\/\" title=\"Outsmart Today\u2019s Downpour With These 14 Rainy Day\u2013Proof Outfits\">2025-02-02<\/a><\/time> - <a href=\"https:\/\/dogcouture.99it.pl\/index.php\/category\/technology\/microsoft\/\" rel=\"category tag\">Microsoft<\/a>, <a href=\"https:\/\/dogcouture.99it.pl\/index.php\/category\/technology\/\" rel=\"category tag\">Technology<\/a><\/aside>\r\n\t\t<header class=\"post-title entry-header\">\r\n\t\t\t<h3 class=\"entry-title\" itemprop=\"name headline\"><a href=\"https:\/\/dogcouture.99it.pl\/index.php\/2025\/02\/02\/outsmart-todays-downpour-with-these-14-rainy-day-proof-outfits\/\" title=\"Outsmart Today\u2019s Downpour With These 14 Rainy Day\u2013Proof Outfits\">Outsmart Today\u2019s Downpour With These 14 Rainy Day\u2013Proof Outfits<\/a><\/h3>\t\t<\/header>\r\n\t\t\t\t\t<div class=\"post-content\">\r\n\t\t\t\t<p>A five-storey mesh dancer, a giant game of fire Tetris and &#8212; if rumours are to be believed &#8212; a hacked Boeing 747 are just&hellip;<\/p>\n\t\t\t<\/div>\r\n\t\t\t\t\t<\/article>\r\n<\/div>\r\n<div class=\"small-12 medium-6 large-4 columns\">\r\n\t<article itemscope itemtype=\"http:\/\/schema.org\/Article\" class=\"post style1 post-304 type-post status-publish format-video has-post-thumbnail hentry category-apple category-security category-technology tag-ftse-board tag-members tag-videos tag-women post_format-post-format-video\">\r\n\t\t\t\t<figure class=\"post-gallery\">\r\n\t\t\t<a href=\"https:\/\/dogcouture.99it.pl\/index.php\/2025\/02\/02\/introducing-aunt-pants-aka-the-trousers-so-many-guys-seem-to-hate\/\" rel=\"bookmark\" title=\"Introducing \u201cAunt Pants,\u201d AKA the Trousers So Many Guys Seem to Hate\">\r\n\t\t\t\t<img loading=\"lazy\" decoding=\"async\" width=\"860\" height=\"529\" src=\"https:\/\/dogcouture.99it.pl\/wp-content\/uploads\/2025\/02\/n12-860x529-1.jpg\" class=\"attachment-north-blog-grid-2x size-north-blog-grid-2x wp-post-image\" alt=\"\" srcset=\"https:\/\/dogcouture.99it.pl\/wp-content\/uploads\/2025\/02\/n12-860x529-1.jpg 860w, https:\/\/dogcouture.99it.pl\/wp-content\/uploads\/2025\/02\/n12-860x529-1-600x369.jpg 600w, https:\/\/dogcouture.99it.pl\/wp-content\/uploads\/2025\/02\/n12-860x529-1-300x185.jpg 300w, https:\/\/dogcouture.99it.pl\/wp-content\/uploads\/2025\/02\/n12-860x529-1-768x472.jpg 768w, https:\/\/dogcouture.99it.pl\/wp-content\/uploads\/2025\/02\/n12-860x529-1-430x265.jpg 430w\" sizes=\"auto, (max-width: 860px) 100vw, 860px\" \/>\t\t\t<\/a>\r\n\t\t<\/figure>\r\n\t\t\t\t<aside class=\"post-meta\">\r\n\t<time class=\"time\" datetime=\"2025-02-02T13:15:16+01:00\"><a href=\"https:\/\/dogcouture.99it.pl\/index.php\/2025\/02\/02\/introducing-aunt-pants-aka-the-trousers-so-many-guys-seem-to-hate\/\" title=\"Introducing \u201cAunt Pants,\u201d AKA the Trousers So Many Guys Seem to Hate\">2025-02-02<\/a><\/time> - <a href=\"https:\/\/dogcouture.99it.pl\/index.php\/category\/technology\/apple\/\" rel=\"category tag\">Apple<\/a>, <a href=\"https:\/\/dogcouture.99it.pl\/index.php\/category\/technology\/security\/\" rel=\"category tag\">Security<\/a>, <a href=\"https:\/\/dogcouture.99it.pl\/index.php\/category\/technology\/\" rel=\"category tag\">Technology<\/a><\/aside>\r\n\t\t<header class=\"post-title entry-header\">\r\n\t\t\t<h3 class=\"entry-title\" itemprop=\"name headline\"><a href=\"https:\/\/dogcouture.99it.pl\/index.php\/2025\/02\/02\/introducing-aunt-pants-aka-the-trousers-so-many-guys-seem-to-hate\/\" title=\"Introducing \u201cAunt Pants,\u201d AKA the Trousers So Many Guys Seem to Hate\">Introducing \u201cAunt Pants,\u201d AKA the Trousers So Many Guys Seem to Hate<\/a><\/h3>\t\t<\/header>\r\n\t\t\t\t\t<div class=\"post-content\">\r\n\t\t\t\t<p>A government report has highlighted the continued but narrowing\u00a0gender\u00a0disparity in boardrooms &#8212; with just 23.5 percent of FTSE 100 company directors\u00a0women.<\/p>\n\t\t\t<\/div>\r\n\t\t\t\t\t<\/article>\r\n<\/div>\r\n<div class=\"small-12 medium-6 large-4 columns\">\r\n\t<article itemscope itemtype=\"http:\/\/schema.org\/Article\" class=\"post style1 post-358 type-post status-publish format-standard has-post-thumbnail hentry category-science category-space category-weird-science tag-hot tag-peels tag-sportswear tag-sweaty\">\r\n\t\t\t\t<figure class=\"post-gallery\">\r\n\t\t\t<a href=\"https:\/\/dogcouture.99it.pl\/index.php\/2015\/10\/30\/fashion-girls-are-secretly-shopping-at-boden-for-this-item\/\" rel=\"bookmark\" title=\"Fashion Girls Are Secretly Shopping at Boden for This Item\">\r\n\t\t\t\t<img loading=\"lazy\" decoding=\"async\" width=\"860\" height=\"529\" src=\"https:\/\/dogcouture.99it.pl\/wp-content\/uploads\/2025\/02\/n11-860x529-1.jpg\" class=\"attachment-north-blog-grid-2x size-north-blog-grid-2x wp-post-image\" alt=\"\" srcset=\"https:\/\/dogcouture.99it.pl\/wp-content\/uploads\/2025\/02\/n11-860x529-1.jpg 860w, https:\/\/dogcouture.99it.pl\/wp-content\/uploads\/2025\/02\/n11-860x529-1-600x369.jpg 600w, https:\/\/dogcouture.99it.pl\/wp-content\/uploads\/2025\/02\/n11-860x529-1-300x185.jpg 300w, https:\/\/dogcouture.99it.pl\/wp-content\/uploads\/2025\/02\/n11-860x529-1-768x472.jpg 768w, https:\/\/dogcouture.99it.pl\/wp-content\/uploads\/2025\/02\/n11-860x529-1-430x265.jpg 430w\" sizes=\"auto, (max-width: 860px) 100vw, 860px\" \/>\t\t\t<\/a>\r\n\t\t<\/figure>\r\n\t\t\t\t<aside class=\"post-meta\">\r\n\t<time class=\"time\" datetime=\"2015-10-30T14:13:20+01:00\"><a href=\"https:\/\/dogcouture.99it.pl\/index.php\/2015\/10\/30\/fashion-girls-are-secretly-shopping-at-boden-for-this-item\/\" title=\"Fashion Girls Are Secretly Shopping at Boden for This Item\">2015-10-30<\/a><\/time> - <a href=\"https:\/\/dogcouture.99it.pl\/index.php\/category\/science\/\" rel=\"category tag\">Science<\/a>, <a href=\"https:\/\/dogcouture.99it.pl\/index.php\/category\/science\/space\/\" rel=\"category tag\">Space<\/a>, <a href=\"https:\/\/dogcouture.99it.pl\/index.php\/category\/science\/weird-science\/\" rel=\"category tag\">Weird Science<\/a><\/aside>\r\n\t\t<header class=\"post-title entry-header\">\r\n\t\t\t<h3 class=\"entry-title\" itemprop=\"name headline\"><a href=\"https:\/\/dogcouture.99it.pl\/index.php\/2015\/10\/30\/fashion-girls-are-secretly-shopping-at-boden-for-this-item\/\" title=\"Fashion Girls Are Secretly Shopping at Boden for This Item\">Fashion Girls Are Secretly Shopping at Boden for This Item<\/a><\/h3>\t\t<\/header>\r\n\t\t\t\t\t<div class=\"post-content\">\r\n\t\t\t\t<p>The latest Pebble looks a touch different from previous models of the smartwatch. Instead of a square screen with rounded edges, it bears a circular&hellip;<\/p>\n\t\t\t<\/div>\r\n\t\t\t\t\t<\/article>\r\n<\/div>\r\n<div class=\"small-12 medium-6 large-4 columns\">\r\n\t<article itemscope itemtype=\"http:\/\/schema.org\/Article\" class=\"post style1 post-308 type-post status-publish format-standard has-post-thumbnail hentry category-fashion tag-mia tag-new-album tag-skrillex\">\r\n\t\t\t\t<figure class=\"post-gallery\">\r\n\t\t\t<a href=\"https:\/\/dogcouture.99it.pl\/index.php\/2015\/10\/30\/how-to-become-a-fashion-designer-lessons-from-our-favourites\/\" rel=\"bookmark\" title=\"How to Become a Fashion Designer: Lessons From Our Favourites\">\r\n\t\t\t\t<img loading=\"lazy\" decoding=\"async\" width=\"860\" height=\"529\" src=\"https:\/\/dogcouture.99it.pl\/wp-content\/uploads\/2025\/02\/n10-860x529-1.jpg\" class=\"attachment-north-blog-grid-2x size-north-blog-grid-2x wp-post-image\" alt=\"\" srcset=\"https:\/\/dogcouture.99it.pl\/wp-content\/uploads\/2025\/02\/n10-860x529-1.jpg 860w, https:\/\/dogcouture.99it.pl\/wp-content\/uploads\/2025\/02\/n10-860x529-1-600x369.jpg 600w, https:\/\/dogcouture.99it.pl\/wp-content\/uploads\/2025\/02\/n10-860x529-1-300x185.jpg 300w, https:\/\/dogcouture.99it.pl\/wp-content\/uploads\/2025\/02\/n10-860x529-1-768x472.jpg 768w, https:\/\/dogcouture.99it.pl\/wp-content\/uploads\/2025\/02\/n10-860x529-1-430x265.jpg 430w\" sizes=\"auto, (max-width: 860px) 100vw, 860px\" \/>\t\t\t<\/a>\r\n\t\t<\/figure>\r\n\t\t\t\t<aside class=\"post-meta\">\r\n\t<time class=\"time\" datetime=\"2015-10-30T14:12:13+01:00\"><a href=\"https:\/\/dogcouture.99it.pl\/index.php\/2015\/10\/30\/how-to-become-a-fashion-designer-lessons-from-our-favourites\/\" title=\"How to Become a Fashion Designer: Lessons From Our Favourites\">2015-10-30<\/a><\/time> - <a href=\"https:\/\/dogcouture.99it.pl\/index.php\/category\/fashion\/\" rel=\"category tag\">Fashion<\/a><\/aside>\r\n\t\t<header class=\"post-title entry-header\">\r\n\t\t\t<h3 class=\"entry-title\" itemprop=\"name headline\"><a href=\"https:\/\/dogcouture.99it.pl\/index.php\/2015\/10\/30\/how-to-become-a-fashion-designer-lessons-from-our-favourites\/\" title=\"How to Become a Fashion Designer: Lessons From Our Favourites\">How to Become a Fashion Designer: Lessons From Our Favourites<\/a><\/h3>\t\t<\/header>\r\n\t\t\t\t\t<div class=\"post-content\">\r\n\t\t\t\t<p>Handwritten Revisited will include 16 songs in all, including four new songs and five live recordings from the the 17-year-old pop star&#8217;s Aug. 16 show&hellip;<\/p>\n\t\t\t<\/div>\r\n\t\t\t\t\t<\/article>\r\n<\/div>\r\n<div class=\"small-12 medium-6 large-4 columns\">\r\n\t<article itemscope itemtype=\"http:\/\/schema.org\/Article\" class=\"post style1 post-71 type-post status-publish format-standard has-post-thumbnail hentry category-gaming category-reviews tag-dawn tag-review tag-until\">\r\n\t\t\t\t<figure class=\"post-gallery\">\r\n\t\t\t<a href=\"https:\/\/dogcouture.99it.pl\/index.php\/2015\/10\/12\/forget-basket-bags-this-is-what-to-buy-on-holiday-this-august\/\" rel=\"bookmark\" title=\"Forget Basket Bags\u2014This Is What to Buy on Holiday This August\">\r\n\t\t\t\t<img loading=\"lazy\" decoding=\"async\" width=\"860\" height=\"529\" src=\"https:\/\/dogcouture.99it.pl\/wp-content\/uploads\/2025\/02\/n9-860x529-1.jpg\" class=\"attachment-north-blog-grid-2x size-north-blog-grid-2x wp-post-image\" alt=\"\" srcset=\"https:\/\/dogcouture.99it.pl\/wp-content\/uploads\/2025\/02\/n9-860x529-1.jpg 860w, https:\/\/dogcouture.99it.pl\/wp-content\/uploads\/2025\/02\/n9-860x529-1-600x369.jpg 600w, https:\/\/dogcouture.99it.pl\/wp-content\/uploads\/2025\/02\/n9-860x529-1-300x185.jpg 300w, https:\/\/dogcouture.99it.pl\/wp-content\/uploads\/2025\/02\/n9-860x529-1-768x472.jpg 768w, https:\/\/dogcouture.99it.pl\/wp-content\/uploads\/2025\/02\/n9-860x529-1-430x265.jpg 430w\" sizes=\"auto, (max-width: 860px) 100vw, 860px\" \/>\t\t\t<\/a>\r\n\t\t<\/figure>\r\n\t\t\t\t<aside class=\"post-meta\">\r\n\t<time class=\"time\" datetime=\"2015-10-12T09:59:17+02:00\"><a href=\"https:\/\/dogcouture.99it.pl\/index.php\/2015\/10\/12\/forget-basket-bags-this-is-what-to-buy-on-holiday-this-august\/\" title=\"Forget Basket Bags\u2014This Is What to Buy on Holiday This August\">2015-10-12<\/a><\/time> - <a href=\"https:\/\/dogcouture.99it.pl\/index.php\/category\/gaming\/\" rel=\"category tag\">Gaming<\/a>, <a href=\"https:\/\/dogcouture.99it.pl\/index.php\/category\/gaming\/reviews\/\" rel=\"category tag\">Reviews<\/a><\/aside>\r\n\t\t<header class=\"post-title entry-header\">\r\n\t\t\t<h3 class=\"entry-title\" itemprop=\"name headline\"><a href=\"https:\/\/dogcouture.99it.pl\/index.php\/2015\/10\/12\/forget-basket-bags-this-is-what-to-buy-on-holiday-this-august\/\" title=\"Forget Basket Bags\u2014This Is What to Buy on Holiday This August\">Forget Basket Bags\u2014This Is What to Buy on Holiday This August<\/a><\/h3>\t\t<\/header>\r\n\t\t\t\t\t<div class=\"post-content\">\r\n\t\t\t\t<p>More than all, his treacherous retreats struck more of dismay than perhaps aught else. For, when swimming before his exulting pursuers, with every apparent symptom&hellip;<\/p>\n\t\t\t<\/div>\r\n\t\t\t\t\t<\/article>\r\n<\/div>\r\n<div class=\"small-12 medium-6 large-4 columns\">\r\n\t<article itemscope itemtype=\"http:\/\/schema.org\/Article\" class=\"post style1 post-235 type-post status-publish format-standard has-post-thumbnail hentry category-gaming category-xbox-one tag-overdrive tag-review tag-sunset tag-xone\">\r\n\t\t\t\t<figure class=\"post-gallery\">\r\n\t\t\t<a href=\"https:\/\/dogcouture.99it.pl\/index.php\/2015\/10\/10\/autumn-winter-fashion-trends-the-11-looks-you-need-to-know\/\" rel=\"bookmark\" title=\"Autumn\/Winter Fashion Trends: The 11 Looks You Need to Know\">\r\n\t\t\t\t<img loading=\"lazy\" decoding=\"async\" width=\"860\" height=\"529\" src=\"https:\/\/dogcouture.99it.pl\/wp-content\/uploads\/2025\/02\/n8-860x529-1.jpg\" class=\"attachment-north-blog-grid-2x size-north-blog-grid-2x wp-post-image\" alt=\"\" srcset=\"https:\/\/dogcouture.99it.pl\/wp-content\/uploads\/2025\/02\/n8-860x529-1.jpg 860w, https:\/\/dogcouture.99it.pl\/wp-content\/uploads\/2025\/02\/n8-860x529-1-600x369.jpg 600w, https:\/\/dogcouture.99it.pl\/wp-content\/uploads\/2025\/02\/n8-860x529-1-300x185.jpg 300w, https:\/\/dogcouture.99it.pl\/wp-content\/uploads\/2025\/02\/n8-860x529-1-768x472.jpg 768w, https:\/\/dogcouture.99it.pl\/wp-content\/uploads\/2025\/02\/n8-860x529-1-430x265.jpg 430w\" sizes=\"auto, (max-width: 860px) 100vw, 860px\" \/>\t\t\t<\/a>\r\n\t\t<\/figure>\r\n\t\t\t\t<aside class=\"post-meta\">\r\n\t<time class=\"time\" datetime=\"2015-10-10T13:28:08+02:00\"><a href=\"https:\/\/dogcouture.99it.pl\/index.php\/2015\/10\/10\/autumn-winter-fashion-trends-the-11-looks-you-need-to-know\/\" title=\"Autumn\/Winter Fashion Trends: The 11 Looks You Need to Know\">2015-10-10<\/a><\/time> - <a href=\"https:\/\/dogcouture.99it.pl\/index.php\/category\/gaming\/\" rel=\"category tag\">Gaming<\/a>, <a href=\"https:\/\/dogcouture.99it.pl\/index.php\/category\/gaming\/xbox-one\/\" rel=\"category tag\">Xbox One<\/a><\/aside>\r\n\t\t<header class=\"post-title entry-header\">\r\n\t\t\t<h3 class=\"entry-title\" itemprop=\"name headline\"><a href=\"https:\/\/dogcouture.99it.pl\/index.php\/2015\/10\/10\/autumn-winter-fashion-trends-the-11-looks-you-need-to-know\/\" title=\"Autumn\/Winter Fashion Trends: The 11 Looks You Need to Know\">Autumn\/Winter Fashion Trends: The 11 Looks You Need to Know<\/a><\/h3>\t\t<\/header>\r\n\t\t\t\t\t<div class=\"post-content\">\r\n\t\t\t\t<p>Normally, I dislike being an errand boy in open world games, yet I\u2019m happy to engage in fetch quests in Mooil Rig, because each quest&hellip;<\/p>\n\t\t\t<\/div>\r\n\t\t\t\t\t<\/article>\r\n<\/div>\r\n\t<\/div>\r\n\t\t\t\t<div class=\"row\">\r\n\t\t<div class=\"small-12 columns text-center\">\r\n\t\t\t<a href=\"#\" class=\"thb_load_more masonry_btn btn\" title=\"Load More\" data-posts-id=\"570\" id=\"loadmore-570\">Load More<\/a>\r\n\t\t<\/div>\r\n\t<\/div>\r\n\t\t[\/vc_column][\/vc_row]\n<\/div>","protected":false},"excerpt":{"rendered":"<p>[vc_row][vc_column][vc_column_text css=&#8221;.vc_custom_1740209438990{padding-top: 12vh !important;padding-bottom: 12vh !important;}&#8221;] Blog [\/vc_column_text][\/vc_column][\/vc_row][vc_row][vc_column][\/vc_column][\/vc_row]<\/p>\n","protected":false},"author":1,"featured_media":0,"parent":0,"menu_order":0,"comment_status":"closed","ping_status":"closed","template":"","meta":{"footnotes":""},"class_list":["post-661","page","type-page","status-publish","hentry"],"_links":{"self":[{"href":"https:\/\/dogcouture.99it.pl\/index.php\/wp-json\/wp\/v2\/pages\/661","targetHints":{"allow":["GET"]}}],"collection":[{"href":"https:\/\/dogcouture.99it.pl\/index.php\/wp-json\/wp\/v2\/pages"}],"about":[{"href":"https:\/\/dogcouture.99it.pl\/index.php\/wp-json\/wp\/v2\/types\/page"}],"author":[{"embeddable":true,"href":"https:\/\/dogcouture.99it.pl\/index.php\/wp-json\/wp\/v2\/users\/1"}],"replies":[{"embeddable":true,"href":"https:\/\/dogcouture.99it.pl\/index.php\/wp-json\/wp\/v2\/comments?post=661"}],"version-history":[{"count":0,"href":"https:\/\/dogcouture.99it.pl\/index.php\/wp-json\/wp\/v2\/pages\/661\/revisions"}],"wp:attachment":[{"href":"https:\/\/dogcouture.99it.pl\/index.php\/wp-json\/wp\/v2\/media?parent=661"}],"curies":[{"name":"wp","href":"https:\/\/api.w.org\/{rel}","templated":true}]}}